{"id":320,"date":"2025-04-21T10:42:00","date_gmt":"2025-04-21T10:42:00","guid":{"rendered":"https:\/\/arminmakina.com.tr\/?page_id=320"},"modified":"2025-04-21T11:38:18","modified_gmt":"2025-04-21T11:38:18","slug":"kariyer","status":"publish","type":"page","link":"https:\/\/arminmakina.com.tr\/?page_id=320","title":{"rendered":"Kariyer"},"content":{"rendered":"<style>.kadence-column320_a4c2d8-0d > .kt-inside-inner-col,.kadence-column320_a4c2d8-0d > .kt-inside-inner-col:before{border-top-left-radius:0px;border-top-right-radius:0px;border-bottom-right-radius:0px;border-bottom-left-radius:0px;}.kadence-column320_a4c2d8-0d > .kt-inside-inner-col{column-gap:var(--global-kb-gap-sm, 1rem);}.kadence-column320_a4c2d8-0d > .kt-inside-inner-col{flex-direction:column;}.kadence-column320_a4c2d8-0d > .kt-inside-inner-col > .aligncenter{width:100%;}.kadence-column320_a4c2d8-0d > .kt-inside-inner-col:before{opacity:0.3;}.kadence-column320_a4c2d8-0d{position:relative;}@media all and (max-width: 1024px){.kadence-column320_a4c2d8-0d > .kt-inside-inner-col{flex-direction:column;justify-content:center;}}@media all and (max-width: 767px){.kadence-column320_a4c2d8-0d > .kt-inside-inner-col{flex-direction:column;justify-content:center;}}<\/style>\n<div class=\"wp-block-kadence-column kadence-column320_a4c2d8-0d\"><div class=\"kt-inside-inner-col\"><style>.kb-image320_30c835-b9 .kb-image-has-overlay:after{opacity:0.3;}<\/style>\n<div class=\"wp-block-kadence-image kb-image320_30c835-b9\"><figure class=\"aligncenter size-full\"><img loading=\"lazy\" decoding=\"async\" width=\"840\" height=\"360\" src=\"https:\/\/arminmakina.com.tr\/wp-content\/uploads\/2025\/04\/hr.jpg\" alt=\"\" class=\"kb-img wp-image-321\" srcset=\"https:\/\/arminmakina.com.tr\/wp-content\/uploads\/2025\/04\/hr.jpg 840w, https:\/\/arminmakina.com.tr\/wp-content\/uploads\/2025\/04\/hr-300x129.jpg 300w, https:\/\/arminmakina.com.tr\/wp-content\/uploads\/2025\/04\/hr-768x329.jpg 768w\" sizes=\"auto, (max-width: 840px) 100vw, 840px\" \/><\/figure><\/div>\n<\/div><\/div>\n\n\n<style>.kadence-column320_d9d289-f5 > .kt-inside-inner-col,.kadence-column320_d9d289-f5 > .kt-inside-inner-col:before{border-top-left-radius:0px;border-top-right-radius:0px;border-bottom-right-radius:0px;border-bottom-left-radius:0px;}.kadence-column320_d9d289-f5 > .kt-inside-inner-col{column-gap:var(--global-kb-gap-sm, 1rem);}.kadence-column320_d9d289-f5 > .kt-inside-inner-col{flex-direction:column;}.kadence-column320_d9d289-f5 > .kt-inside-inner-col > .aligncenter{width:100%;}.kadence-column320_d9d289-f5 > .kt-inside-inner-col:before{opacity:0.3;}.kadence-column320_d9d289-f5{position:relative;}@media all and (max-width: 1024px){.kadence-column320_d9d289-f5 > .kt-inside-inner-col{flex-direction:column;justify-content:center;}}@media all and (max-width: 767px){.kadence-column320_d9d289-f5 > .kt-inside-inner-col{flex-direction:column;justify-content:center;}}<\/style>\n<div class=\"wp-block-kadence-column kadence-column320_d9d289-f5\"><div class=\"kt-inside-inner-col\">\n<p><\/p>\n\n\n\n<p class=\"has-text-align-center kt-adv-heading320_e45859-fa wp-block-kadence-advancedheading\">A\u015fa\u011f\u0131daki linkten a\u00e7\u0131k pozisyonlar\u0131m\u0131z\u0131 g\u00f6rebilirsiniz.<br><a href=\"https:\/\/www.eleman.net\/firma\/armin-grup-makina-imalati-f1547108\">https:\/\/www.eleman.net\/firma\/armin-grup-makina-imalati-f1547108<\/a><br><br>\u00c7e\u015fitli pozisyonlarda \u00e7al\u0131\u015fma arkada\u015flar\u0131 aramaktay\u0131z, \u0130lgilenenlerin detayl\u0131 ve referansl\u0131 \u00f6zge\u00e7mi\u015flerini,<br><a href=\"mailto: info@arminmakina.com.tr\"><\/a><a href=\"mailto:info@arminmakina.com.tr\">info@arminmakina.com.tr<\/a>\u00a0veya\u00a0<strong><a href=\"tel:903123942703\">0312 394 27 03<\/a><\/strong>\u00a0numaradan ileti\u015fim kurmalar\u0131n\u0131 rica ederiz.<\/p>\n<\/div><\/div>\n\n\n\n<p><\/p>\n","protected":false},"excerpt":{"rendered":"<p>A\u015fa\u011f\u0131daki linkten a\u00e7\u0131k pozisyonlar\u0131m\u0131z\u0131 g\u00f6rebilirsiniz.https:\/\/www.eleman.net\/firma\/armin-grup-makina-imalati-f1547108 \u00c7e\u015fitli pozisyonlarda \u00e7al\u0131\u015fma arkada\u015flar\u0131 aramaktay\u0131z, \u0130lgilenenlerin detayl\u0131 ve referansl\u0131 \u00f6zge\u00e7mi\u015flerini,info@arminmakina.com.tr\u00a0veya\u00a00312 394 27 03\u00a0numaradan ileti\u015fim kurmalar\u0131n\u0131 rica ederiz.<\/p>\n","protected":false},"author":2,"featured_media":0,"parent":0,"menu_order":0,"comment_status":"closed","ping_status":"closed","template":"","meta":{"_kad_blocks_custom_css":"","_kad_blocks_head_custom_js":"","_kad_blocks_body_custom_js":"","_kad_blocks_footer_custom_js":"","_kad_post_transparent":"","_kad_post_title":"","_kad_post_layout":"","_kad_post_sidebar_id":"","_kad_post_content_style":"","_kad_post_vertical_padding":"","_kad_post_feature":"","_kad_post_feature_position":"","_kad_post_header":false,"_kad_post_footer":false,"_kad_post_classname":"","footnotes":""},"class_list":["post-320","page","type-page","status-publish","hentry"],"taxonomy_info":[],"featured_image_src_large":false,"author_info":{"display_name":"arminmakina","author_link":"https:\/\/arminmakina.com.tr\/?author=2"},"comment_info":0,"_links":{"self":[{"href":"https:\/\/arminmakina.com.tr\/index.php?rest_route=\/wp\/v2\/pages\/320","targetHints":{"allow":["GET"]}}],"collection":[{"href":"https:\/\/arminmakina.com.tr\/index.php?rest_route=\/wp\/v2\/pages"}],"about":[{"href":"https:\/\/arminmakina.com.tr\/index.php?rest_route=\/wp\/v2\/types\/page"}],"author":[{"embeddable":true,"href":"https:\/\/arminmakina.com.tr\/index.php?rest_route=\/wp\/v2\/users\/2"}],"replies":[{"embeddable":true,"href":"https:\/\/arminmakina.com.tr\/index.php?rest_route=%2Fwp%2Fv2%2Fcomments&post=320"}],"version-history":[{"count":0,"href":"https:\/\/arminmakina.com.tr\/index.php?rest_route=\/wp\/v2\/pages\/320\/revisions"}],"wp:attachment":[{"href":"https:\/\/arminmakina.com.tr\/index.php?rest_route=%2Fwp%2Fv2%2Fmedia&parent=320"}],"curies":[{"name":"wp","href":"https:\/\/api.w.org\/{rel}","templated":true}]}}