{"id":114,"date":"2024-12-08T21:38:34","date_gmt":"2024-12-08T21:38:34","guid":{"rendered":"https:\/\/arminmakina.com.tr\/?page_id=114"},"modified":"2025-03-14T07:53:01","modified_gmt":"2025-03-14T07:53:01","slug":"iletisim","status":"publish","type":"page","link":"https:\/\/arminmakina.com.tr\/?page_id=114","title":{"rendered":"\u0130leti\u015fim"},"content":{"rendered":"<style>.kb-google-maps-container114_8f54d7-e8{height:450px;}<\/style><div class=\"kb-google-maps-container kb-google-maps-container114_8f54d7-e8  wp-block-kadence-googlemaps\" data-mapid=\"114_8f54d7e8\"><iframe width=\"100%\" height=\"100%\"\n\t\t\t\t\t\t\tstyle=\"border:0\" loading=\"lazy\"\n\t\t\t\t\t\t\tsrc=\"https:\/\/www.google.com\/maps\/embed\/v1\/place?key=AIzaSyBAM2o7PiQqwk15LC1XRH2e_KJ-jUa7KYk&#038;zoom=15&#038;maptype=roadmap&#038;q=armin+makina+ostim\"\n\t\t\t\t\t\t\ttitle=\"Google map of armin makina ostim\"><\/iframe><\/div><script>function kb_google_map114_8f54d7e8() { let center = { lat: 37.8201, lng: -122.4781}; let map = new google.maps.Map(document.getElementById(\"kb-google-map114_8f54d7e8\"), {\n\t\t\t\t\t    zoom: 15,\n\t\t\t\t\t    center: center,});let marker = new google.maps.Marker({   position: { lat: 37.8201, lng: -122.4781},    map: map,  });}<\/script>\n\n<style>.kb-row-layout-id114_581454-c7 > .kt-row-column-wrap{align-content:start;}:where(.kb-row-layout-id114_581454-c7 > .kt-row-column-wrap) > .wp-block-kadence-column{justify-content:start;}.kb-row-layout-id114_581454-c7 > .kt-row-column-wrap{column-gap:var(--global-kb-gap-md, 2rem);row-gap:var(--global-kb-gap-md, 2rem);max-width:var( --global-content-width, 1290px );padding-left:var(--global-content-edge-padding);padding-right:var(--global-content-edge-padding);padding-top:var(--global-kb-spacing-xxl, 5rem);padding-right:var(--global-kb-spacing-4xl, 8rem);padding-bottom:var(--global-kb-spacing-xxl, 5rem);padding-left:var(--global-kb-spacing-4xl, 8rem);grid-template-columns:minmax(0, calc(45% - ((var(--global-kb-gap-md, 2rem) * 1 )\/2)))minmax(0, calc(55% - ((var(--global-kb-gap-md, 2rem) * 1 )\/2)));}.kb-row-layout-id114_581454-c7 > .kt-row-layout-overlay{opacity:0.30;}@media all and (max-width: 1024px){.kb-row-layout-id114_581454-c7 > .kt-row-column-wrap{row-gap:var(--global-kb-gap-sm, 1rem);grid-template-columns:minmax(0, 1fr);}}@media all and (max-width: 767px){.kb-row-layout-id114_581454-c7 > .kt-row-column-wrap{row-gap:var(--global-kb-gap-sm, 1rem);padding-right:var(--global-kb-spacing-xs, 1rem);padding-left:var(--global-kb-spacing-xs, 1rem);grid-template-columns:minmax(0, 1fr);}}<\/style><div class=\"kb-row-layout-wrap kb-row-layout-id114_581454-c7 alignfull has-theme-palette9-background-color kt-row-has-bg wp-block-kadence-rowlayout\"><div class=\"kt-row-column-wrap kt-has-2-columns kt-row-layout-equal kt-tab-layout-row kt-mobile-layout-row kt-row-valign-top kb-theme-content-width\">\n<style>.kadence-column114_7f9b72-eb > .kt-inside-inner-col,.kadence-column114_7f9b72-eb > .kt-inside-inner-col:before{border-top-left-radius:0px;border-top-right-radius:0px;border-bottom-right-radius:0px;border-bottom-left-radius:0px;}.kadence-column114_7f9b72-eb > .kt-inside-inner-col{column-gap:var(--global-kb-gap-sm, 1rem);}.kadence-column114_7f9b72-eb > .kt-inside-inner-col{flex-direction:column;}.kadence-column114_7f9b72-eb > .kt-inside-inner-col > .aligncenter{width:100%;}.kadence-column114_7f9b72-eb > .kt-inside-inner-col:before{opacity:0.3;}.kadence-column114_7f9b72-eb{position:relative;}@media all and (max-width: 1024px){.kadence-column114_7f9b72-eb > .kt-inside-inner-col{padding-bottom:var(--global-kb-spacing-md, 2rem);flex-direction:column;justify-content:center;}}@media all and (max-width: 1024px){.kt-row-column-wrap.kt-tab-layout-three-grid > .kadence-column114_7f9b72-eb, .kt-row-column-wrap.kt-tab-layout-two-grid > .kadence-column114_7f9b72-eb, .kt-row-column-wrap.kt-tab-layout-row > .kadence-column114_7f9b72-eb{order:1;}}@media all and (max-width: 767px){.kt-row-column-wrap.kt-mobile-layout-three-grid > .kadence-column114_7f9b72-eb, .kt-row-column-wrap.kt-mobile-layout-two-grid > .kadence-column114_7f9b72-eb, .kt-row-column-wrap.kt-mobile-layout-row > .kadence-column114_7f9b72-eb{order:1 !important;}.kadence-column114_7f9b72-eb > .kt-inside-inner-col{flex-direction:column;justify-content:center;}}<\/style>\n<div class=\"wp-block-kadence-column kadence-column114_7f9b72-eb inner-column-1\"><div class=\"kt-inside-inner-col\"><style>.kb-row-layout-id114_5a1007-cb > .kt-row-column-wrap{align-content:start;}:where(.kb-row-layout-id114_5a1007-cb > .kt-row-column-wrap) > .wp-block-kadence-column{justify-content:start;}.kb-row-layout-id114_5a1007-cb > .kt-row-column-wrap{column-gap:var(--global-kb-gap-md, 2rem);row-gap:var(--global-kb-gap-md, 2rem);padding-top:0px;padding-right:0px;padding-bottom:0px;padding-left:0px;grid-template-columns:minmax(0, 1fr);}.kb-row-layout-id114_5a1007-cb > .kt-row-layout-overlay{opacity:0.30;}@media all and (max-width: 1024px){.kb-row-layout-id114_5a1007-cb > .kt-row-column-wrap{padding-right:var(--global-kb-spacing-4xl, 8rem);padding-left:var(--global-kb-spacing-4xl, 8rem);grid-template-columns:minmax(0, 1fr);}}@media all and (max-width: 767px){.kb-row-layout-id114_5a1007-cb > .kt-row-column-wrap{padding-right:0px;padding-left:0px;grid-template-columns:minmax(0, 1fr);}}<\/style><div class=\"kb-row-layout-wrap kb-row-layout-id114_5a1007-cb alignnone wp-block-kadence-rowlayout\"><div class=\"kt-row-column-wrap kt-has-1-columns kt-row-layout-equal kt-tab-layout-inherit kt-mobile-layout-row kt-row-valign-top\">\n<style>.kadence-column114_e3a9a8-3e > .kt-inside-inner-col,.kadence-column114_e3a9a8-3e > .kt-inside-inner-col:before{border-top-left-radius:0px;border-top-right-radius:0px;border-bottom-right-radius:0px;border-bottom-left-radius:0px;}.kadence-column114_e3a9a8-3e > .kt-inside-inner-col{column-gap:var(--global-kb-gap-sm, 1rem);}.kadence-column114_e3a9a8-3e > .kt-inside-inner-col{flex-direction:column;}.kadence-column114_e3a9a8-3e > .kt-inside-inner-col > .aligncenter{width:100%;}.kadence-column114_e3a9a8-3e > .kt-inside-inner-col:before{opacity:0.3;}.kadence-column114_e3a9a8-3e{position:relative;}.kadence-column114_e3a9a8-3e, .kt-inside-inner-col > .kadence-column114_e3a9a8-3e:not(.specificity){margin-right:var(--global-kb-spacing-xxl, 5rem);}@media all and (max-width: 1024px){.kadence-column114_e3a9a8-3e > .kt-inside-inner-col{flex-direction:column;justify-content:center;}}@media all and (max-width: 767px){.kadence-column114_e3a9a8-3e > .kt-inside-inner-col{flex-direction:column;justify-content:center;}}<\/style>\n<div class=\"wp-block-kadence-column kadence-column114_e3a9a8-3e\"><div class=\"kt-inside-inner-col\"><style>.wp-block-kadence-advancedheading.kt-adv-heading114_1a0ad3-61, .wp-block-kadence-advancedheading.kt-adv-heading114_1a0ad3-61[data-kb-block=\"kb-adv-heading114_1a0ad3-61\"]{font-size:32px;line-height:2;font-style:normal;letter-spacing:-1px;}.wp-block-kadence-advancedheading.kt-adv-heading114_1a0ad3-61 mark.kt-highlight, .wp-block-kadence-advancedheading.kt-adv-heading114_1a0ad3-61[data-kb-block=\"kb-adv-heading114_1a0ad3-61\"] mark.kt-highlight{font-style:normal;color:#f76a0c;-webkit-box-decoration-break:clone;box-decoration-break:clone;padding-top:0px;padding-right:0px;padding-bottom:0px;padding-left:0px;}.wp-block-kadence-advancedheading.kt-adv-heading114_1a0ad3-61 img.kb-inline-image, .wp-block-kadence-advancedheading.kt-adv-heading114_1a0ad3-61[data-kb-block=\"kb-adv-heading114_1a0ad3-61\"] img.kb-inline-image{width:150px;vertical-align:baseline;}@media all and (max-width: 767px){.wp-block-kadence-advancedheading.kt-adv-heading114_1a0ad3-61, .wp-block-kadence-advancedheading.kt-adv-heading114_1a0ad3-61[data-kb-block=\"kb-adv-heading114_1a0ad3-61\"]{letter-spacing:-1px;font-size:24px;line-height:2;}}<\/style>\n<h3 class=\"kt-adv-heading114_1a0ad3-61 wp-block-kadence-advancedheading has-theme-palette-1-color has-text-color\" data-kb-block=\"kb-adv-heading114_1a0ad3-61\">Bize Ula\u015f\u0131n<\/h3>\n<\/div><\/div>\n\n<\/div><\/div>\n\n<style>.wp-block-kadence-iconlist.kt-svg-icon-list-items114_e82367-16:not(.this-stops-third-party-issues){margin-top:0px;margin-bottom:0px;}.wp-block-kadence-iconlist.kt-svg-icon-list-items114_e82367-16 ul.kt-svg-icon-list:not(.this-prevents-issues):not(.this-stops-third-party-issues):not(.tijsloc){margin-top:0px;margin-right:0px;margin-bottom:var(--global-kb-spacing-sm, 1.5rem);margin-left:0px;}.wp-block-kadence-iconlist.kt-svg-icon-list-items114_e82367-16 ul.kt-svg-icon-list{grid-row-gap:5px;}.wp-block-kadence-iconlist.kt-svg-icon-list-items114_e82367-16 ul.kt-svg-icon-list .kt-svg-icon-list-item-wrap .kt-svg-icon-list-single{margin-right:10px;}.kt-svg-icon-list-items114_e82367-16 ul.kt-svg-icon-list .kt-svg-icon-list-level-0 .kt-svg-icon-list-single svg{font-size:20px;}<\/style>\n<div class=\"wp-block-kadence-iconlist kt-svg-icon-list-items kt-svg-icon-list-items114_e82367-16 kt-svg-icon-list-columns-1 alignnone\"><ul class=\"kt-svg-icon-list\"><style>.kt-svg-icon-list-item-114_a2e6d6-a9 .kt-svg-icon-list-single{font-size:20px !important;color:var(--global-palette9, #ffffff) !important;background-color:var(--global-palette1, #3182CE)!important;padding:10px !important;border-width:10px !important;border-radius:50% !important;}.kt-svg-icon-list-item-114_a2e6d6-a9 .kt-svg-icon-list-text mark.kt-highlight{background-color:unset;font-style:normal;color:#f76a0c;-webkit-box-decoration-break:clone;box-decoration-break:clone;padding-top:0px;padding-right:0px;padding-bottom:0px;padding-left:0px;}<\/style>\n<li class=\"wp-block-kadence-listitem kt-svg-icon-list-item-wrap kt-svg-icon-list-item-114_a2e6d6-a9 kt-svg-icon-list-style-stacked\"><span class=\"kb-svg-icon-wrap kb-svg-icon-fe_mapPin kt-svg-icon-list-single\"><svg viewBox=\"0 0 24 24\"  fill=\"none\" stroke=\"currentColor\" stroke-width=\"2.5\" stroke-linecap=\"round\" stroke-linejoin=\"round\" xmlns=\"http:\/\/www.w3.org\/2000\/svg\"  aria-hidden=\"true\"><path d=\"M21 10c0 7-9 13-9 13s-9-6-9-13a9 9 0 0 1 18 0z\"\/><circle cx=\"12\" cy=\"10\" r=\"3\"\/><\/svg><\/span><span class=\"kt-svg-icon-list-text\">Ostim Osb Mh. \u00d6rnek San. Sit. 1263. Sk.<br>No: 7\/A Yenimahalle\/Ankara<\/span><\/li>\n\n\n<style>.kt-svg-icon-list-item-114_cf7e0d-b0 .kt-svg-icon-list-single{font-size:20px !important;color:var(--global-palette9, #ffffff) !important;background-color:var(--global-palette1, #3182CE)!important;padding:10px !important;border-width:10px !important;border-radius:50% !important;}.kt-svg-icon-list-item-114_cf7e0d-b0 .kt-svg-icon-list-text mark.kt-highlight{background-color:unset;font-style:normal;color:#f76a0c;-webkit-box-decoration-break:clone;box-decoration-break:clone;padding-top:0px;padding-right:0px;padding-bottom:0px;padding-left:0px;}<\/style>\n<li class=\"wp-block-kadence-listitem kt-svg-icon-list-item-wrap kt-svg-icon-list-item-114_cf7e0d-b0 kt-svg-icon-list-style-stacked\"><span class=\"kb-svg-icon-wrap kb-svg-icon-fe_phoneCall kt-svg-icon-list-single\"><svg viewBox=\"0 0 24 24\"  fill=\"none\" stroke=\"currentColor\" stroke-width=\"2.5\" stroke-linecap=\"round\" stroke-linejoin=\"round\" xmlns=\"http:\/\/www.w3.org\/2000\/svg\"  aria-hidden=\"true\"><path d=\"M15.05 5A5 5 0 0 1 19 8.95M15.05 1A9 9 0 0 1 23 8.94m-1 7.98v3a2 2 0 0 1-2.18 2 19.79 19.79 0 0 1-8.63-3.07 19.5 19.5 0 0 1-6-6 19.79 19.79 0 0 1-3.07-8.67A2 2 0 0 1 4.11 2h3a2 2 0 0 1 2 1.72 12.84 12.84 0 0 0 .7 2.81 2 2 0 0 1-.45 2.11L8.09 9.91a16 16 0 0 0 6 6l1.27-1.27a2 2 0 0 1 2.11-.45 12.84 12.84 0 0 0 2.81.7A2 2 0 0 1 22 16.92z\"\/><\/svg><\/span><span class=\"kt-svg-icon-list-text\"><a href=\"tel:903123942703\">+90 312 394 27 03<\/a><\/span><\/li>\n\n\n<style>.kt-svg-icon-list-item-114_8b4af7-00 .kt-svg-icon-list-single{font-size:20px !important;color:var(--global-palette9, #ffffff) !important;background-color:var(--global-palette1, #3182CE)!important;padding:10px !important;border-width:10px !important;border-radius:50% !important;}.kt-svg-icon-list-item-114_8b4af7-00 .kt-svg-icon-list-text mark.kt-highlight{background-color:unset;font-style:normal;color:#f76a0c;-webkit-box-decoration-break:clone;box-decoration-break:clone;padding-top:0px;padding-right:0px;padding-bottom:0px;padding-left:0px;}<\/style>\n<li class=\"wp-block-kadence-listitem kt-svg-icon-list-item-wrap kt-svg-icon-list-item-114_8b4af7-00 kt-svg-icon-list-style-stacked\"><span class=\"kb-svg-icon-wrap kb-svg-icon-fe_mail kt-svg-icon-list-single\"><svg viewBox=\"0 0 24 24\"  fill=\"none\" stroke=\"currentColor\" stroke-width=\"2.5\" stroke-linecap=\"round\" stroke-linejoin=\"round\" xmlns=\"http:\/\/www.w3.org\/2000\/svg\"  aria-hidden=\"true\"><path d=\"M4 4h16c1.1 0 2 .9 2 2v12c0 1.1-.9 2-2 2H4c-1.1 0-2-.9-2-2V6c0-1.1.9-2 2-2z\"\/><polyline points=\"22,6 12,13 2,6\"\/><\/svg><\/span><span class=\"kt-svg-icon-list-text\"><a href=\"mailto:info@arminmakina.com.tr\">info@arminmakina.com.tr<\/a><\/span><\/li>\n<\/ul><\/div>\n\n\n<style>.wp-block-kadence-advancedheading.kt-adv-heading114_5c5540-ed, .wp-block-kadence-advancedheading.kt-adv-heading114_5c5540-ed[data-kb-block=\"kb-adv-heading114_5c5540-ed\"]{font-size:32px;font-style:normal;letter-spacing:-1px;}.wp-block-kadence-advancedheading.kt-adv-heading114_5c5540-ed mark.kt-highlight, .wp-block-kadence-advancedheading.kt-adv-heading114_5c5540-ed[data-kb-block=\"kb-adv-heading114_5c5540-ed\"] mark.kt-highlight{font-style:normal;color:#f76a0c;-webkit-box-decoration-break:clone;box-decoration-break:clone;padding-top:0px;padding-right:0px;padding-bottom:0px;padding-left:0px;}.wp-block-kadence-advancedheading.kt-adv-heading114_5c5540-ed img.kb-inline-image, .wp-block-kadence-advancedheading.kt-adv-heading114_5c5540-ed[data-kb-block=\"kb-adv-heading114_5c5540-ed\"] img.kb-inline-image{width:150px;vertical-align:baseline;}@media all and (max-width: 767px){.wp-block-kadence-advancedheading.kt-adv-heading114_5c5540-ed, .wp-block-kadence-advancedheading.kt-adv-heading114_5c5540-ed[data-kb-block=\"kb-adv-heading114_5c5540-ed\"]{letter-spacing:-1px;font-size:24px;}}<\/style>\n<h3 class=\"kt-adv-heading114_5c5540-ed has--font-size wp-block-kadence-advancedheading has-theme-palette-1-color has-text-color\" data-kb-block=\"kb-adv-heading114_5c5540-ed\">\u00c7al\u0131\u015fma Saatleri<\/h3>\n\n\n\n<p class=\"has--font-size\" style=\"line-height:2\"><strong>Hafta i\u00e7i:<\/strong> 08:30 &#8211; 18:30<br><strong>Cumartesi<\/strong>&#8211;<strong>Pazar<\/strong>: Kapal\u0131<\/p>\n<\/div><\/div>\n\n\n<style>.kadence-column114_ba1f8d-f0 > .kt-inside-inner-col,.kadence-column114_ba1f8d-f0 > .kt-inside-inner-col:before{border-top-left-radius:0px;border-top-right-radius:0px;border-bottom-right-radius:0px;border-bottom-left-radius:0px;}.kadence-column114_ba1f8d-f0 > .kt-inside-inner-col{column-gap:var(--global-kb-gap-sm, 1rem);}.kadence-column114_ba1f8d-f0 > .kt-inside-inner-col{flex-direction:column;}.kadence-column114_ba1f8d-f0 > .kt-inside-inner-col > .aligncenter{width:100%;}.kadence-column114_ba1f8d-f0 > .kt-inside-inner-col:before{opacity:0.3;}.kadence-column114_ba1f8d-f0{position:relative;}@media all and (max-width: 1024px){.kt-row-column-wrap.kt-tab-layout-three-grid > .kadence-column114_ba1f8d-f0, .kt-row-column-wrap.kt-tab-layout-two-grid > .kadence-column114_ba1f8d-f0, .kt-row-column-wrap.kt-tab-layout-row > .kadence-column114_ba1f8d-f0{order:2;}}@media all and (max-width: 1024px){.kadence-column114_ba1f8d-f0 > .kt-inside-inner-col{flex-direction:column;justify-content:center;}}@media all and (max-width: 767px){.kt-row-column-wrap.kt-mobile-layout-three-grid > .kadence-column114_ba1f8d-f0, .kt-row-column-wrap.kt-mobile-layout-two-grid > .kadence-column114_ba1f8d-f0, .kt-row-column-wrap.kt-mobile-layout-row > .kadence-column114_ba1f8d-f0{order:2 !important;}.kadence-column114_ba1f8d-f0 > .kt-inside-inner-col{flex-direction:column;justify-content:center;}}<\/style>\n<div class=\"wp-block-kadence-column kadence-column114_ba1f8d-f0 inner-column-2\"><div class=\"kt-inside-inner-col\"><style>.kb-row-layout-id114_1f4801-29 > .kt-row-column-wrap{align-content:start;}:where(.kb-row-layout-id114_1f4801-29 > .kt-row-column-wrap) > .wp-block-kadence-column{justify-content:start;}.kb-row-layout-id114_1f4801-29 > .kt-row-column-wrap{column-gap:var(--global-kb-gap-md, 2rem);row-gap:var(--global-kb-gap-md, 2rem);padding-top:0px;padding-right:0px;padding-bottom:0px;padding-left:0px;grid-template-columns:minmax(0, 1fr);}.kb-row-layout-id114_1f4801-29 > .kt-row-layout-overlay{opacity:0.30;}@media all and (max-width: 1024px){.kb-row-layout-id114_1f4801-29 > .kt-row-column-wrap{padding-right:var(--global-kb-spacing-4xl, 8rem);padding-left:var(--global-kb-spacing-4xl, 8rem);grid-template-columns:minmax(0, 1fr);}}@media all and (max-width: 767px){.kb-row-layout-id114_1f4801-29 > .kt-row-column-wrap{padding-right:0px;padding-left:0px;grid-template-columns:minmax(0, 1fr);}}<\/style><div class=\"kb-row-layout-wrap kb-row-layout-id114_1f4801-29 alignnone wp-block-kadence-rowlayout\"><div class=\"kt-row-column-wrap kt-has-1-columns kt-row-layout-equal kt-tab-layout-inherit kt-mobile-layout-row kt-row-valign-top\">\n<style>.kadence-column114_c0014c-6d > .kt-inside-inner-col,.kadence-column114_c0014c-6d > .kt-inside-inner-col:before{border-top-left-radius:0px;border-top-right-radius:0px;border-bottom-right-radius:0px;border-bottom-left-radius:0px;}.kadence-column114_c0014c-6d > .kt-inside-inner-col{column-gap:var(--global-kb-gap-sm, 1rem);}.kadence-column114_c0014c-6d > .kt-inside-inner-col{flex-direction:column;}.kadence-column114_c0014c-6d > .kt-inside-inner-col > .aligncenter{width:100%;}.kadence-column114_c0014c-6d > .kt-inside-inner-col:before{opacity:0.3;}.kadence-column114_c0014c-6d{position:relative;}@media all and (max-width: 1024px){.kadence-column114_c0014c-6d > .kt-inside-inner-col{flex-direction:column;justify-content:center;}}@media all and (max-width: 767px){.kadence-column114_c0014c-6d > .kt-inside-inner-col{flex-direction:column;justify-content:center;}}<\/style>\n<div class=\"wp-block-kadence-column kadence-column114_c0014c-6d\"><div class=\"kt-inside-inner-col\"><style>.kadence-form-114_f63403-f6 .kb-form .kadence-blocks-form-field .kb-text-style-field, .kadence-form-114_f63403-f6 .kb-form .kadence-blocks-form-field .kb-select-style-field{color:var(--global-palette4, #2D3748);border-radius:30px;background:var(--global-palette9, #ffffff);border-color:var(--global-palette6, #718096);}.kadence-form-114_f63403-f6 .kb-form .kadence-blocks-form-field > label{color:var(--global-palette3, #1A202C);margin-top:0px;margin-right:0px;margin-bottom:0px;margin-left:20px;}.kb-form input.kadence-blocks-field.verify{opacity:0.0;position:absolute;top:0.0;left:0.0;width:0.0;height:0.0;z-index:-1;}<\/style>\n<div class=\"wp-block-kadence-form kadence-form-114_f63403-f6 kb-form-wrap kb-form-align-center\"><form class=\"kb-form\" action=\"\" method=\"post\" data-error-message=\"L\u00fctfen gerekli t\u00fcm alanlar\u0131 doldurun\"><div class=\"kadence-blocks-form-field kb-field-desk-width-100 kb-input-size-standard\"><label for=\"kb_field_114_f63403-f6_0\">\u0130sim<\/label><input name=\"kb_field_0\" id=\"kb_field_114_f63403-f6_0\" data-label=\"\u0130sim\" type=\"text\" placeholder=\"\" value=\"\" data-type=\"text\" class=\"kb-field kb-text-style-field kb-text-field kb-field-0\"\/><\/div><div class=\"kadence-blocks-form-field kb-form-field-1 kb-field-desk-width-100 kb-input-size-standard\"><label for=\"kb_field_114_f63403-f6_1\">Email<\/label><input name=\"kb_field_1\" id=\"kb_field_114_f63403-f6_1\" data-label=\"Email\" type=\"email\" placeholder=\"\" value=\"\" data-type=\"email\" class=\"kb-field kb-text-style-field kb-email-field kb-field-1\"\/><\/div><div class=\"kadence-blocks-form-field kb-form-field-2 kb-field-desk-width-100 kb-field-mobile-width-100 kb-input-size-standard\"><label for=\"kb_field_114_f63403-f6_2\">Telefon<\/label><input name=\"kb_field_2\" id=\"kb_field_114_f63403-f6_2\" data-label=\"Telefon\" type=\"text\" placeholder=\"\" value=\"\" data-type=\"text\" class=\"kb-field kb-text-style-field kb-text-field kb-field-2\"\/><\/div><div class=\"kadence-blocks-form-field kb-form-field-3 kb-field-desk-width-100 kb-input-size-standard\"><label for=\"kb_field_114_f63403-f6_3\">Mesaj\u0131n\u0131z<\/label><textarea name=\"kb_field_3\" id=\"kb_field_114_f63403-f6_3\" data-label=\"Mesaj\u0131n\u0131z\" type=\"textarea\" placeholder=\"\" data-type=\"textarea\" class=\"kb-field kb-text-style-field kb-textarea-field kb-field-3\" rows=\"4\"><\/textarea><\/div><input type=\"hidden\" name=\"_kb_form_id\" value=\"114_f63403-f6\"\/><input type=\"hidden\" name=\"_kb_form_post_id\" value=\"114\"\/><input type=\"hidden\" name=\"action\" value=\"kb_process_ajax_submit\"\/><label class=\"kadence-verify-label\">Email<input class=\"kadence-blocks-field verify\" type=\"text\" name=\"_kb_verify_email\" autocomplete=\"new-password\" aria-hidden=\"true\" placeholder=\"Email\" tabindex=\"-1\" data-1p-ignore=\"true\" data-lpignore=\"true\" \/><\/label><div class=\"kadence-blocks-form-field kb-submit-field kb-field-desk-width-100\"><button class=\"kb-forms-submit button kb-button-size-standard kb-button-width-auto\">G\u00d6NDER<\/button><\/div><\/form><\/div>\n<noscript><div class=\"kadence-blocks-form-message kadence-blocks-form-warning\">Please enable JavaScript in your browser to submit the form<\/div><style>.kadence-form-114_f63403-f6 .kadence-blocks-form-field.kb-submit-field { display: none; }<\/style><\/noscript><\/div><\/div>\n\n<\/div><\/div><\/div><\/div>\n\n<\/div><\/div>","protected":false},"excerpt":{"rendered":"<p>Bize Ula\u015f\u0131n \u00c7al\u0131\u015fma Saatleri Hafta i\u00e7i: 08:30 &#8211; 18:30Cumartesi&#8211;Pazar: Kapal\u0131<\/p>\n","protected":false},"author":1,"featured_media":0,"parent":0,"menu_order":0,"comment_status":"closed","ping_status":"closed","template":"","meta":{"_kad_blocks_custom_css":"","_kad_blocks_head_custom_js":"","_kad_blocks_body_custom_js":"","_kad_blocks_footer_custom_js":"","_kad_post_transparent":"","_kad_post_title":"hide","_kad_post_layout":"fullwidth","_kad_post_sidebar_id":"","_kad_post_content_style":"unboxed","_kad_post_vertical_padding":"","_kad_post_feature":"","_kad_post_feature_position":"","_kad_post_header":false,"_kad_post_footer":false,"_kad_post_classname":"","footnotes":""},"class_list":["post-114","page","type-page","status-publish","hentry"],"taxonomy_info":[],"featured_image_src_large":false,"author_info":{"display_name":"seyhan","author_link":"https:\/\/arminmakina.com.tr\/?author=1"},"comment_info":0,"_links":{"self":[{"href":"https:\/\/arminmakina.com.tr\/index.php?rest_route=\/wp\/v2\/pages\/114","targetHints":{"allow":["GET"]}}],"collection":[{"href":"https:\/\/arminmakina.com.tr\/index.php?rest_route=\/wp\/v2\/pages"}],"about":[{"href":"https:\/\/arminmakina.com.tr\/index.php?rest_route=\/wp\/v2\/types\/page"}],"author":[{"embeddable":true,"href":"https:\/\/arminmakina.com.tr\/index.php?rest_route=\/wp\/v2\/users\/1"}],"replies":[{"embeddable":true,"href":"https:\/\/arminmakina.com.tr\/index.php?rest_route=%2Fwp%2Fv2%2Fcomments&post=114"}],"version-history":[{"count":0,"href":"https:\/\/arminmakina.com.tr\/index.php?rest_route=\/wp\/v2\/pages\/114\/revisions"}],"wp:attachment":[{"href":"https:\/\/arminmakina.com.tr\/index.php?rest_route=%2Fwp%2Fv2%2Fmedia&parent=114"}],"curies":[{"name":"wp","href":"https:\/\/api.w.org\/{rel}","templated":true}]}}