{"id":104,"date":"2024-12-08T21:37:22","date_gmt":"2024-12-08T21:37:22","guid":{"rendered":"https:\/\/arminmakina.com.tr\/?page_id=104"},"modified":"2025-03-14T07:54:03","modified_gmt":"2025-03-14T07:54:03","slug":"hakkimizda","status":"publish","type":"page","link":"https:\/\/arminmakina.com.tr\/?page_id=104","title":{"rendered":"Hakk\u0131m\u0131zda"},"content":{"rendered":"<style>.kb-row-layout-id104_3f4f6d-ff > .kt-row-column-wrap{align-content:start;}:where(.kb-row-layout-id104_3f4f6d-ff > .kt-row-column-wrap) > .wp-block-kadence-column{justify-content:start;}.kb-row-layout-id104_3f4f6d-ff > .kt-row-column-wrap{column-gap:var(--global-kb-gap-md, 2rem);row-gap:var(--global-kb-gap-md, 2rem);max-width:var( --global-content-width, 1290px );padding-left:var(--global-content-edge-padding);padding-right:var(--global-content-edge-padding);padding-top:var(--global-kb-spacing-xxl, 5rem);padding-bottom:var(--global-kb-spacing-xxl, 5rem);grid-template-columns:minmax(0, 1fr);}.kb-row-layout-id104_3f4f6d-ff > .kt-row-layout-overlay{opacity:0.30;}@media all and (max-width: 1024px){.kb-row-layout-id104_3f4f6d-ff > .kt-row-column-wrap{grid-template-columns:minmax(0, 1fr);}}@media all and (max-width: 767px){.kb-row-layout-id104_3f4f6d-ff > .kt-row-column-wrap{grid-template-columns:minmax(0, 1fr);}}<\/style><div class=\"kb-row-layout-wrap kb-row-layout-id104_3f4f6d-ff alignnone wp-block-kadence-rowlayout\"><div class=\"kt-row-column-wrap kt-has-1-columns kt-row-layout-equal kt-tab-layout-inherit kt-mobile-layout-row kt-row-valign-top kb-theme-content-width\">\n<style>.kadence-column104_8b4fd3-b1 > .kt-inside-inner-col,.kadence-column104_8b4fd3-b1 > .kt-inside-inner-col:before{border-top-left-radius:0px;border-top-right-radius:0px;border-bottom-right-radius:0px;border-bottom-left-radius:0px;}.kadence-column104_8b4fd3-b1 > .kt-inside-inner-col{column-gap:var(--global-kb-gap-sm, 1rem);}.kadence-column104_8b4fd3-b1 > .kt-inside-inner-col{flex-direction:column;}.kadence-column104_8b4fd3-b1 > .kt-inside-inner-col > .aligncenter{width:100%;}.kadence-column104_8b4fd3-b1 > .kt-inside-inner-col:before{opacity:0.3;}.kadence-column104_8b4fd3-b1{position:relative;}@media all and (max-width: 1024px){.kadence-column104_8b4fd3-b1 > .kt-inside-inner-col{flex-direction:column;justify-content:center;}}@media all and (max-width: 767px){.kadence-column104_8b4fd3-b1 > .kt-inside-inner-col{flex-direction:column;justify-content:center;}}<\/style>\n<div class=\"wp-block-kadence-column kadence-column104_8b4fd3-b1\"><div class=\"kt-inside-inner-col\"><style>.wp-block-kadence-advancedheading.kt-adv-heading104_2fc2f1-f7, .wp-block-kadence-advancedheading.kt-adv-heading104_2fc2f1-f7[data-kb-block=\"kb-adv-heading104_2fc2f1-f7\"]{font-style:normal;}.wp-block-kadence-advancedheading.kt-adv-heading104_2fc2f1-f7 mark.kt-highlight, .wp-block-kadence-advancedheading.kt-adv-heading104_2fc2f1-f7[data-kb-block=\"kb-adv-heading104_2fc2f1-f7\"] mark.kt-highlight{font-style:normal;color:#f76a0c;-webkit-box-decoration-break:clone;box-decoration-break:clone;padding-top:0px;padding-right:0px;padding-bottom:0px;padding-left:0px;}.wp-block-kadence-advancedheading.kt-adv-heading104_2fc2f1-f7 img.kb-inline-image, .wp-block-kadence-advancedheading.kt-adv-heading104_2fc2f1-f7[data-kb-block=\"kb-adv-heading104_2fc2f1-f7\"] img.kb-inline-image{width:150px;vertical-align:baseline;}<\/style>\n<h2 class=\"kt-adv-heading104_2fc2f1-f7 wp-block-kadence-advancedheading\" data-kb-block=\"kb-adv-heading104_2fc2f1-f7\">Armin Grup Makina<\/h2>\n\n\n\n<p>Firmam\u0131z 2006 y\u0131l\u0131nda kurulmu\u015f olup uzman kadrosu ile T\u00fcrkiye\u2019nin ba\u015fkenti Ankara\u2019da sac ve metal i\u015fleme \u00fczerine faaliyet g\u00f6stermektedir. Kuruldu\u011fu g\u00fcnden bu yana Arge ve teknolojik altyap\u0131s\u0131na yat\u0131r\u0131m yapan firmam\u0131z bug\u00fcn savunma sanayi ba\u015fta olmak \u00fczere elektronik, medikal, telekom\u00fcnikasyon, bili\u015fim ve sa\u011fl\u0131k sekt\u00f6rlerinde d\u00fcnyan\u0131n bir\u00e7ok b\u00f6lgesinde faaliyet g\u00f6stermektedir.<\/p>\n\n\n<style>.wp-block-kadence-advancedheading.kt-adv-heading104_b72b6a-dc, .wp-block-kadence-advancedheading.kt-adv-heading104_b72b6a-dc[data-kb-block=\"kb-adv-heading104_b72b6a-dc\"]{font-style:normal;}.wp-block-kadence-advancedheading.kt-adv-heading104_b72b6a-dc mark.kt-highlight, .wp-block-kadence-advancedheading.kt-adv-heading104_b72b6a-dc[data-kb-block=\"kb-adv-heading104_b72b6a-dc\"] mark.kt-highlight{font-style:normal;color:#f76a0c;-webkit-box-decoration-break:clone;box-decoration-break:clone;padding-top:0px;padding-right:0px;padding-bottom:0px;padding-left:0px;}.wp-block-kadence-advancedheading.kt-adv-heading104_b72b6a-dc img.kb-inline-image, .wp-block-kadence-advancedheading.kt-adv-heading104_b72b6a-dc[data-kb-block=\"kb-adv-heading104_b72b6a-dc\"] img.kb-inline-image{width:150px;vertical-align:baseline;}<\/style>\n<h2 class=\"kt-adv-heading104_b72b6a-dc wp-block-kadence-advancedheading\" data-kb-block=\"kb-adv-heading104_b72b6a-dc\">g\u00fcvenlik politikam\u0131z<\/h2>\n\n\n\n<p>Firmam\u0131z Armin Grup Makina olarak hizmet vermektedir. Firmam\u0131z gizlilik, b\u00fct\u00fcnl\u00fck ve t\u00fcm fiziksel ve elektronik bilgi varl\u0131klar\u0131n\u0131 korumay\u0131 taahh\u00fct etmektedir. Bilgi ve bilgi g\u00fcvenli\u011fi gereksinimleri kurumsal hedeflerimiz ile ayn\u0131 do\u011frultuda olacakt\u0131r. Firmam\u0131z y\u00f6netimi de\u011fi\u015fime a\u00e7\u0131k, iyi e\u011fitim alm\u0131\u015f, konusunda yetkin personel istihdam\u0131 sa\u011flayacak ve sekt\u00f6r i\u00e7erisinde rakiplerimizle rekabeti sa\u011flayacak finansman\u0131 sa\u011flamak, yeterli donan\u0131m ve altyap\u0131y\u0131 bulunduracakt\u0131r. Bu altyap\u0131 ve personel ile gerekli finansmanda sa\u011flanacakt\u0131r. \u0130\u015f s\u00fcreklili\u011fi ve acil durum planlar\u0131, veri yedekleme prosed\u00fcrleri, vir\u00fcslerden ve bilgisayar korsanlar\u0131ndan sak\u0131nma, eri\u015fim kontrol sistemleri ve bilgi g\u00fcvenli\u011fi ihlal bildirimi temel faaliyetlerimizin temel ta\u015flar\u0131n\u0131 olu\u015fturacakt\u0131r. Yap\u0131lan risk de\u011ferlendirmeleri sonucunda elde edilen a\u00e7\u0131kl\u0131klar ve tehditler bertaraf edilerek m\u00fc\u015fteri ve personelimizin bilgilerine g\u00fcvenli eri\u015fim sa\u011flanacakt\u0131r. Ayr\u0131ca risk de\u011ferlendirmeleri sonucunda ama\u00e7lar\u0131m\u0131z\u0131 belirleyip bu ama\u00e7lar\u0131m ba\u015far\u0131lmas\u0131 i\u00e7in gerekli olan kaynaklar ve \u015fartlar sa\u011flanacakt\u0131r. Bu politikay\u0131 ger\u00e7ekle\u015ftirmek i\u00e7in ba\u015fta \u00e7al\u0131\u015fanlar\u0131m\u0131z\u0131n Bilgi G\u00fcvenli\u011fi Y\u00f6netim Sistemi \u015fartlar\u0131n\u0131 \u00e7al\u0131\u015fma bi\u00e7imi haline getirmelerini beklemekteyiz. T\u00fcm personel ve belirli \u00fc\u00e7\u00fcnc\u00fc taraflar\u0131n Bilgi G\u00fcvenli\u011fi Y\u00f6netim Sistemi ile ilgili uygun e\u011fitimleri almas\u0131 sa\u011flanacakt\u0131r. Bilgi g\u00fcvenli\u011fi ile ilgili uygulanabilir \u015fartlar ve bu \u015fartlar\u0131n getirdi\u011fi f\u0131rsatlar ve gereklilikler yerine getirilecek ve bu \u015fartlar s\u00fcrekli iyile\u015ftirilecektir. Ayr\u0131ca firmam\u0131z\u0131n, personelimizin ve t\u00fcm ilgili taraflar\u0131n bu sisteme adaptasyonu sa\u011flanacakt\u0131r. Bilgi G\u00fcvenli\u011fi Politikam\u0131z y\u0131lda bir kez ya da firmam\u0131zla ilgili \u00f6nemli de\u011fi\u015fikliklerin olmas\u0131 durumunda uygunlu\u011funu, do\u011frulu\u011funu ve etkinli\u011fini sa\u011flamak i\u00e7in y\u00f6netim ve birim sorumlular\u0131n\u0131n kat\u0131l\u0131m\u0131yla g\u00f6zden ge\u00e7irilmekte ve g\u00fcncelli\u011fi sa\u011flanmaktad\u0131r.<\/p>\n<\/div><\/div>\n\n<\/div><\/div>\n\n<style>.kb-row-layout-id104_de9cd2-2d > .kt-row-column-wrap{align-content:start;}:where(.kb-row-layout-id104_de9cd2-2d > .kt-row-column-wrap) > .wp-block-kadence-column{justify-content:start;}.kb-row-layout-id104_de9cd2-2d > .kt-row-column-wrap{column-gap:var(--global-kb-gap-none, 0rem );row-gap:var(--global-kb-gap-none, 0rem );padding-top:var(--global-kb-spacing-sm, 1.5rem);padding-bottom:var(--global-kb-spacing-sm, 1.5rem);grid-template-columns:repeat(2, minmax(0, 1fr));}.kb-row-layout-id104_de9cd2-2d > .kt-row-layout-overlay{opacity:0.30;}@media all and (max-width: 1024px){.kb-row-layout-id104_de9cd2-2d > .kt-row-column-wrap{grid-template-columns:repeat(2, minmax(0, 1fr));}}@media all and (max-width: 767px){.kb-row-layout-id104_de9cd2-2d > .kt-row-column-wrap{grid-template-columns:minmax(0, 1fr);}}<\/style><div class=\"kb-row-layout-wrap kb-row-layout-id104_de9cd2-2d alignnone wp-block-kadence-rowlayout\"><div class=\"kt-row-column-wrap kt-has-2-columns kt-row-layout-equal kt-tab-layout-inherit kt-mobile-layout-row kt-row-valign-top\">\n<style>.kadence-column104_94caee-e0 > .kt-inside-inner-col,.kadence-column104_94caee-e0 > .kt-inside-inner-col:before{border-top-left-radius:0px;border-top-right-radius:0px;border-bottom-right-radius:0px;border-bottom-left-radius:0px;}.kadence-column104_94caee-e0 > .kt-inside-inner-col{column-gap:var(--global-kb-gap-sm, 1rem);}.kadence-column104_94caee-e0 > .kt-inside-inner-col{flex-direction:column;}.kadence-column104_94caee-e0 > .kt-inside-inner-col > .aligncenter{width:100%;}.kadence-column104_94caee-e0 > .kt-inside-inner-col{background-image:url('https:\/\/arminmakina.com.tr\/wp-content\/uploads\/2024\/12\/armin1_126-1.jpg');background-size:cover;background-position:center center;background-attachment:scroll;background-repeat:no-repeat;}.kadence-column104_94caee-e0 > .kt-inside-inner-col:before{opacity:0.3;}.kadence-column104_94caee-e0{position:relative;}@media all and (max-width: 1024px){.kadence-column104_94caee-e0 > .kt-inside-inner-col{flex-direction:column;justify-content:center;}}@media all and (max-width: 767px){.kadence-column104_94caee-e0 > .kt-inside-inner-col{flex-direction:column;justify-content:center;}}<\/style>\n<div class=\"wp-block-kadence-column kadence-column104_94caee-e0\"><div class=\"kt-inside-inner-col\"><style>.wp-block-kadence-spacer.kt-block-spacer-104_57e775-3a .kt-block-spacer{height:500px;}.wp-block-kadence-spacer.kt-block-spacer-104_57e775-3a .kt-divider{border-top-width:1px;height:1px;border-top-color:#eee;width:80%;border-top-style:solid;}@media all and (max-width: 767px){.wp-block-kadence-spacer.kt-block-spacer-104_57e775-3a .kt-block-spacer{height:100px!important;}}<\/style>\n<div class=\"wp-block-kadence-spacer aligncenter kt-block-spacer-104_57e775-3a\"><div class=\"kt-block-spacer kt-block-spacer-halign-center\"><\/div><\/div>\n<\/div><\/div>\n\n\n<style>.kadence-column104_9b74b8-43 > .kt-inside-inner-col,.kadence-column104_9b74b8-43 > .kt-inside-inner-col:before{border-top-left-radius:0px;border-top-right-radius:0px;border-bottom-right-radius:0px;border-bottom-left-radius:0px;}.kadence-column104_9b74b8-43 > .kt-inside-inner-col{column-gap:var(--global-kb-gap-sm, 1rem);}.kadence-column104_9b74b8-43 > .kt-inside-inner-col{flex-direction:column;}.kadence-column104_9b74b8-43 > .kt-inside-inner-col > .aligncenter{width:100%;}.kadence-column104_9b74b8-43 > .kt-inside-inner-col{background-image:url('https:\/\/arminmakina.com.tr\/wp-content\/uploads\/2024\/12\/armin1_101.jpg');background-size:cover;background-position:center center;background-attachment:scroll;background-repeat:no-repeat;}.kadence-column104_9b74b8-43 > .kt-inside-inner-col:before{opacity:0.3;}.kadence-column104_9b74b8-43{position:relative;}@media all and (max-width: 1024px){.kadence-column104_9b74b8-43 > .kt-inside-inner-col{flex-direction:column;justify-content:center;}}@media all and (max-width: 767px){.kadence-column104_9b74b8-43 > .kt-inside-inner-col{flex-direction:column;justify-content:center;}}<\/style>\n<div class=\"wp-block-kadence-column kadence-column104_9b74b8-43\"><div class=\"kt-inside-inner-col\"><style>.wp-block-kadence-spacer.kt-block-spacer-104_49536f-f4 .kt-block-spacer{height:500px;}.wp-block-kadence-spacer.kt-block-spacer-104_49536f-f4 .kt-divider{border-top-width:1px;height:1px;border-top-color:#eee;width:80%;border-top-style:solid;}@media all and (max-width: 767px){.wp-block-kadence-spacer.kt-block-spacer-104_49536f-f4 .kt-block-spacer{height:100px!important;}}<\/style>\n<div class=\"wp-block-kadence-spacer aligncenter kt-block-spacer-104_49536f-f4\"><div class=\"kt-block-spacer kt-block-spacer-halign-center\"><\/div><\/div>\n<\/div><\/div>\n\n<\/div><\/div>\n\n<style>.kb-row-layout-id104_5b0229-5f > .kt-row-column-wrap{align-content:start;}:where(.kb-row-layout-id104_5b0229-5f > .kt-row-column-wrap) > .wp-block-kadence-column{justify-content:start;}.kb-row-layout-id104_5b0229-5f > .kt-row-column-wrap{column-gap:var(--global-kb-gap-md, 2rem);row-gap:var(--global-kb-gap-md, 2rem);max-width:var( --global-content-width, 1290px );padding-left:var(--global-content-edge-padding);padding-right:var(--global-content-edge-padding);padding-top:var(--global-kb-spacing-xxl, 5rem);padding-bottom:var(--global-kb-spacing-xxl, 5rem);grid-template-columns:minmax(0, 1fr);}.kb-row-layout-id104_5b0229-5f > .kt-row-layout-overlay{opacity:0.30;}@media all and (max-width: 1024px){.kb-row-layout-id104_5b0229-5f > .kt-row-column-wrap{grid-template-columns:minmax(0, 1fr);}}@media all and (max-width: 767px){.kb-row-layout-id104_5b0229-5f > .kt-row-column-wrap{grid-template-columns:minmax(0, 1fr);}}<\/style><div class=\"kb-row-layout-wrap kb-row-layout-id104_5b0229-5f alignnone wp-block-kadence-rowlayout\"><div class=\"kt-row-column-wrap kt-has-1-columns kt-row-layout-equal kt-tab-layout-inherit kt-mobile-layout-row kt-row-valign-top kb-theme-content-width\">\n<style>.kadence-column104_30386b-4c > .kt-inside-inner-col,.kadence-column104_30386b-4c > .kt-inside-inner-col:before{border-top-left-radius:0px;border-top-right-radius:0px;border-bottom-right-radius:0px;border-bottom-left-radius:0px;}.kadence-column104_30386b-4c > .kt-inside-inner-col{column-gap:var(--global-kb-gap-sm, 1rem);}.kadence-column104_30386b-4c > .kt-inside-inner-col{flex-direction:column;}.kadence-column104_30386b-4c > .kt-inside-inner-col > .aligncenter{width:100%;}.kadence-column104_30386b-4c > .kt-inside-inner-col:before{opacity:0.3;}.kadence-column104_30386b-4c{position:relative;}@media all and (max-width: 1024px){.kadence-column104_30386b-4c > .kt-inside-inner-col{flex-direction:column;justify-content:center;}}@media all and (max-width: 767px){.kadence-column104_30386b-4c > .kt-inside-inner-col{flex-direction:column;justify-content:center;}}<\/style>\n<div class=\"wp-block-kadence-column kadence-column104_30386b-4c\"><div class=\"kt-inside-inner-col\">\n<h2 class=\"wp-block-heading has--font-size\">B\u0130Z NE YAPIYORUZ?<\/h2>\n\n\n\n<p>Biz, d\u00fcnyan\u0131n neresinde olursan\u0131z olun, ihtiyac\u0131n\u0131z olan \u00fcr\u00fcn\u00fc son teknolojiye sahip makina parkurumuzda sizler i\u00e7in \u00fcretiyor ve hizmetinize sunuyoruz. Fikirlerinizi ve bireysel gereksinimlerinizi h\u0131zl\u0131 ve hassas bir \u015fekilde devreye alarak y\u00fcksek kaliteli ve uygun maliyetli sac metal par\u00e7alarda tasarl\u0131yor, \u00fcretim s\u00fcrecine al\u0131yoruz.<\/p>\n\n\n\n<h2 class=\"wp-block-heading\">NEDEN B\u0130Z\u0130 TERC\u0130H ETMEL\u0130S\u0130N\u0130Z<\/h2>\n\n\n\n<p>Y\u0131llar\u0131n verdi\u011fi deneyim ve 30&#8217;u a\u015fk\u0131n \u00fclkeye ger\u00e7ekle\u015ftirdi\u011fimiz ihracat ile \u00f6zel gereksinimleri biliyoruz ve bunlara \u00f6zel \u00e7\u00f6z\u00fcmler sunuyoruz. \u00dcretimimizden gelen her \u015fey en y\u00fcksek standartlar\u0131 kar\u015f\u0131lar ve her zaman zaman\u0131nda teslim edilir. Alan\u0131nda uzman kadromuz ve geni\u015f makina parkurumuz ile \u00fcretmeyi bilen ve m\u00fc\u015fteri memnuniyetini en \u00fcst seviyede tutan bir anlay\u0131\u015fa sahibiz.<\/p>\n\n\n\n<h2 class=\"wp-block-heading\">FAYDALARIMIZ<\/h2>\n\n\n\n<p>M\u00fc\u015fterilerimizin ihtiya\u00e7lar\u0131n\u0131 ve gereksinimlerini kendi ihtiya\u00e7lar\u0131m\u0131z gibi g\u00f6r\u00fcyor ve talep edilen \u00fcr\u00fcn\u00fc en iyi \u015fekilde tasarlayarak \u00fcretim s\u00fcrecine al\u0131yoruz. Kalite y\u00f6netimi ve \u00fcretim kontrollerini en \u00fcst seviyeye ta\u015f\u0131yarak en kalitelisini \u00fcretiyoruz. Makina parkurumuzu s\u00fcrekli yenileyerek son teknolojiyi s\u00fcrekli m\u00fc\u015fterilerimizin hizmetine sunuyoruz.<\/p>\n<\/div><\/div>\n\n<\/div><\/div>\n\n\n<p><\/p>\n","protected":false},"excerpt":{"rendered":"<p>Armin Grup Makina Firmam\u0131z 2006 y\u0131l\u0131nda kurulmu\u015f olup uzman kadrosu ile T\u00fcrkiye\u2019nin ba\u015fkenti Ankara\u2019da sac ve metal i\u015fleme \u00fczerine faaliyet g\u00f6stermektedir. Kuruldu\u011fu g\u00fcnden bu yana Arge ve teknolojik altyap\u0131s\u0131na yat\u0131r\u0131m yapan firmam\u0131z bug\u00fcn savunma sanayi ba\u015fta olmak \u00fczere elektronik, medikal, telekom\u00fcnikasyon, bili\u015fim ve sa\u011fl\u0131k sekt\u00f6rlerinde d\u00fcnyan\u0131n bir\u00e7ok b\u00f6lgesinde faaliyet g\u00f6stermektedir. g\u00fcvenlik politikam\u0131z Firmam\u0131z Armin Grup&#8230;<\/p>\n","protected":false},"author":1,"featured_media":0,"parent":0,"menu_order":0,"comment_status":"closed","ping_status":"closed","template":"","meta":{"_kad_blocks_custom_css":"","_kad_blocks_head_custom_js":"","_kad_blocks_body_custom_js":"","_kad_blocks_footer_custom_js":"","_kad_post_transparent":"","_kad_post_title":"","_kad_post_layout":"fullwidth","_kad_post_sidebar_id":"","_kad_post_content_style":"unboxed","_kad_post_vertical_padding":"","_kad_post_feature":"","_kad_post_feature_position":"","_kad_post_header":false,"_kad_post_footer":false,"_kad_post_classname":"","footnotes":""},"class_list":["post-104","page","type-page","status-publish","hentry"],"taxonomy_info":[],"featured_image_src_large":false,"author_info":{"display_name":"seyhan","author_link":"https:\/\/arminmakina.com.tr\/?author=1"},"comment_info":0,"_links":{"self":[{"href":"https:\/\/arminmakina.com.tr\/index.php?rest_route=\/wp\/v2\/pages\/104","targetHints":{"allow":["GET"]}}],"collection":[{"href":"https:\/\/arminmakina.com.tr\/index.php?rest_route=\/wp\/v2\/pages"}],"about":[{"href":"https:\/\/arminmakina.com.tr\/index.php?rest_route=\/wp\/v2\/types\/page"}],"author":[{"embeddable":true,"href":"https:\/\/arminmakina.com.tr\/index.php?rest_route=\/wp\/v2\/users\/1"}],"replies":[{"embeddable":true,"href":"https:\/\/arminmakina.com.tr\/index.php?rest_route=%2Fwp%2Fv2%2Fcomments&post=104"}],"version-history":[{"count":0,"href":"https:\/\/arminmakina.com.tr\/index.php?rest_route=\/wp\/v2\/pages\/104\/revisions"}],"wp:attachment":[{"href":"https:\/\/arminmakina.com.tr\/index.php?rest_route=%2Fwp%2Fv2%2Fmedia&parent=104"}],"curies":[{"name":"wp","href":"https:\/\/api.w.org\/{rel}","templated":true}]}}